{"id":2723,"date":"2025-01-15T12:31:31","date_gmt":"2025-01-15T12:31:31","guid":{"rendered":"https:\/\/fundacaoronaldmcdonald.com\/shop\/?page_id=2723"},"modified":"2025-04-28T08:39:49","modified_gmt":"2025-04-28T08:39:49","slug":"sobre-nos","status":"publish","type":"page","link":"https:\/\/fundacaoronaldmcdonald.com\/shop\/sobre-nos\/","title":{"rendered":"Sobre N\u00f3s"},"content":{"rendered":"\t\t<div data-elementor-type=\"wp-page\" data-elementor-id=\"2723\" class=\"elementor elementor-2723\">\n\t\t\t\t<div class=\"elementor-element elementor-element-2e838f0 e-con-full e-flex e-con e-parent\" data-id=\"2e838f0\" data-element_type=\"container\" data-e-type=\"container\" data-settings=\"{&quot;background_background&quot;:&quot;classic&quot;}\">\n\t\t\t\t<div class=\"elementor-element elementor-element-d5f1c4d elementor-widget elementor-widget-heading\" data-id=\"d5f1c4d\" data-element_type=\"widget\" data-e-type=\"widget\" data-widget_type=\"heading.default\">\n\t\t\t\t<div class=\"elementor-widget-container\">\n\t\t\t\t\t<h2 class=\"elementor-heading-title elementor-size-default\">A nossa miss\u00e3o<\/h2>\t\t\t\t<\/div>\n\t\t\t\t<\/div>\n\t\t\t\t<div class=\"elementor-element elementor-element-b9dfacf elementor-widget elementor-widget-heading\" data-id=\"b9dfacf\" data-element_type=\"widget\" data-e-type=\"widget\" data-widget_type=\"heading.default\">\n\t\t\t\t<div class=\"elementor-widget-container\">\n\t\t\t\t\t<h2 class=\"elementor-heading-title elementor-size-default\">Cuidamos e apoiamos Fam\u00edlias com Crian\u00e7as em tratamento hospitalar<\/h2>\t\t\t\t<\/div>\n\t\t\t\t<\/div>\n\t\t\t\t<\/div>\n\t\t<div class=\"elementor-element elementor-element-a0dfbfd e-flex e-con-boxed e-con e-parent\" data-id=\"a0dfbfd\" data-element_type=\"container\" data-e-type=\"container\">\n\t\t\t\t\t<div class=\"e-con-inner\">\n\t\t\t\t<div class=\"elementor-element elementor-element-19a006d elementor-widget elementor-widget-text-editor\" data-id=\"19a006d\" data-element_type=\"widget\" data-e-type=\"widget\" data-widget_type=\"text-editor.default\">\n\t\t\t\t<div class=\"elementor-widget-container\">\n\t\t\t\t\t\t\t\t\t<section class=\"centered_text   spacer--bottom \"><div class=\"wrapper wrapper--small\"><div class=\"centered_text__text\"><p>A doen\u00e7a de uma crian\u00e7a \u00e9 um momento muito dif\u00edcil para v\u00e1rias fam\u00edlias que inclui mudan\u00e7as, n\u00e3o s\u00f3 na vida da crian\u00e7a como na da pr\u00f3pria fam\u00edlia. Acreditamos que durante o per\u00edodo de tratamento hospitalar a proximidade da fam\u00edlia \u00e0 crian\u00e7a contribui para a sua recupera\u00e7\u00e3o e para manter a estabilidade familiar t\u00e3o importante neste momentos.<\/p><p>Por isso, enquanto Institui\u00e7\u00e3o Particular de Solidariedade Social de utilidade p\u00fablica e a pensar no bem-estar das crian\u00e7as e das suas fam\u00edlias, desde 2000 que contribu\u00edmos, atrav\u00e9s dos nossos projetos, para que as fam\u00edlias possam estar pr\u00f3ximas do apoio m\u00e9dico de que necessitam e manter-se unidas durante os momentos mais dif\u00edceis.<\/p><p>Movidos por uma miss\u00e3o global, somos parte de uma organiza\u00e7\u00e3o mundial, a\u00a0<a href=\"https:\/\/www.rmhc.org\/\"><strong>Ronald McDonald House Charities<\/strong><\/a>, que com especial aten\u00e7\u00e3o \u00e0 presta\u00e7\u00e3o de cuidados centrados na fam\u00edlia visa ser parte da solu\u00e7\u00e3o na melhoria da vida das crian\u00e7as e das suas fam\u00edlias em Portugal e no mundo.<\/p><\/div><\/div><\/section><section class=\"shortcode  \"><div class=\"shortcode__content\"><section class=\"latest_news spacer--bottom-p\"><div class=\"wrapper\">\u00a0<\/div><\/section><\/div><\/section>\t\t\t\t\t\t\t\t<\/div>\n\t\t\t\t<\/div>\n\t\t\t\t\t<\/div>\n\t\t\t\t<\/div>\n\t\t\t\t<\/div>\n\t\t","protected":false},"excerpt":{"rendered":"<p>A nossa miss\u00e3o Cuidamos e apoiamos Fam\u00edlias com Crian\u00e7as em tratamento hospitalar A doen\u00e7a de uma crian\u00e7a \u00e9 um momento muito dif\u00edcil para v\u00e1rias fam\u00edlias que inclui mudan\u00e7as, n\u00e3o s\u00f3 na vida da crian\u00e7a como na da pr\u00f3pria fam\u00edlia. Acreditamos que durante o per\u00edodo de tratamento hospitalar a proximidade da fam\u00edlia \u00e0 crian\u00e7a contribui para &hellip;<\/p>\n","protected":false},"author":2,"featured_media":0,"parent":0,"menu_order":0,"comment_status":"closed","ping_status":"closed","template":"","meta":{"_acf_changed":false,"footnotes":""},"class_list":["post-2723","page","type-page","status-publish","hentry"],"acf":[],"_links":{"self":[{"href":"https:\/\/fundacaoronaldmcdonald.com\/shop\/wp-json\/wp\/v2\/pages\/2723","targetHints":{"allow":["GET"]}}],"collection":[{"href":"https:\/\/fundacaoronaldmcdonald.com\/shop\/wp-json\/wp\/v2\/pages"}],"about":[{"href":"https:\/\/fundacaoronaldmcdonald.com\/shop\/wp-json\/wp\/v2\/types\/page"}],"author":[{"embeddable":true,"href":"https:\/\/fundacaoronaldmcdonald.com\/shop\/wp-json\/wp\/v2\/users\/2"}],"replies":[{"embeddable":true,"href":"https:\/\/fundacaoronaldmcdonald.com\/shop\/wp-json\/wp\/v2\/comments?post=2723"}],"version-history":[{"count":14,"href":"https:\/\/fundacaoronaldmcdonald.com\/shop\/wp-json\/wp\/v2\/pages\/2723\/revisions"}],"predecessor-version":[{"id":2972,"href":"https:\/\/fundacaoronaldmcdonald.com\/shop\/wp-json\/wp\/v2\/pages\/2723\/revisions\/2972"}],"wp:attachment":[{"href":"https:\/\/fundacaoronaldmcdonald.com\/shop\/wp-json\/wp\/v2\/media?parent=2723"}],"curies":[{"name":"wp","href":"https:\/\/api.w.org\/{rel}","templated":true}]}}