{"id":2433,"date":"2024-08-21T15:47:35","date_gmt":"2024-08-21T15:47:35","guid":{"rendered":"https:\/\/fundacaoronaldmcdonald.com\/shop\/?post_type=product&#038;p=2433"},"modified":"2026-04-13T12:33:28","modified_gmt":"2026-04-13T12:33:28","slug":"fita-porta-chaves","status":"publish","type":"product","link":"https:\/\/fundacaoronaldmcdonald.com\/shop\/produto\/fita-porta-chaves\/","title":{"rendered":"Fita Porta-chaves de Pano \u2013 Artigo Solid\u00e1rio"},"content":{"rendered":"<ul>\n<li><strong>Tecido:<\/strong>\u00a0Confecionado com tecidos de algod\u00e3o reutilizados da ind\u00fastria de vestu\u00e1rio, promovendo a sustentabilidade e reduzindo o desperd\u00edcio.<\/li>\n<li><strong>Mosquet\u00e3o met\u00e1lico: <\/strong>Para maior durabilidade<\/li>\n<\/ul>\n","protected":false},"excerpt":{"rendered":"<p>Descubra a magia de ajudar e fazer a diferen\u00e7a com a <strong>Fita<\/strong> <strong>porta-chaves<\/strong> da <strong>Funda\u00e7\u00e3o Infantil Ronald McDonald<\/strong>!<\/p>\n<p>Cada detalhe da <strong>Fita<\/strong> <strong>porta-chaves<\/strong> foi pensado com carinho para proporcionar alegria a quem comprar este artigo.<\/p>\n<p>Ao adquirir este presente solid\u00e1rio, est\u00e1 a contribuir diretamente para a nossa miss\u00e3o de cuidar e apoiar fam\u00edlias com crian\u00e7as e jovens doentes ou em tratamento hospitalar.<\/p>\n<p><strong>Uma compra solid\u00e1ria que ajuda iluminar a vida de muitas fam\u00edlias!<\/strong><\/p>\n","protected":false},"featured_media":2593,"comment_status":"closed","ping_status":"closed","template":"","meta":{"_acf_changed":false},"product_brand":[],"product_cat":[60],"product_tag":[],"class_list":{"0":"post-2433","1":"product","2":"type-product","3":"status-publish","4":"has-post-thumbnail","6":"product_cat-fitaportachaves-pt","8":"first","9":"instock","10":"taxable","11":"shipping-taxable","12":"purchasable","13":"product-type-simple"},"acf":[],"_links":{"self":[{"href":"https:\/\/fundacaoronaldmcdonald.com\/shop\/wp-json\/wp\/v2\/product\/2433","targetHints":{"allow":["GET"]}}],"collection":[{"href":"https:\/\/fundacaoronaldmcdonald.com\/shop\/wp-json\/wp\/v2\/product"}],"about":[{"href":"https:\/\/fundacaoronaldmcdonald.com\/shop\/wp-json\/wp\/v2\/types\/product"}],"replies":[{"embeddable":true,"href":"https:\/\/fundacaoronaldmcdonald.com\/shop\/wp-json\/wp\/v2\/comments?post=2433"}],"wp:featuredmedia":[{"embeddable":true,"href":"https:\/\/fundacaoronaldmcdonald.com\/shop\/wp-json\/wp\/v2\/media\/2593"}],"wp:attachment":[{"href":"https:\/\/fundacaoronaldmcdonald.com\/shop\/wp-json\/wp\/v2\/media?parent=2433"}],"wp:term":[{"taxonomy":"product_brand","embeddable":true,"href":"https:\/\/fundacaoronaldmcdonald.com\/shop\/wp-json\/wp\/v2\/product_brand?post=2433"},{"taxonomy":"product_cat","embeddable":true,"href":"https:\/\/fundacaoronaldmcdonald.com\/shop\/wp-json\/wp\/v2\/product_cat?post=2433"},{"taxonomy":"product_tag","embeddable":true,"href":"https:\/\/fundacaoronaldmcdonald.com\/shop\/wp-json\/wp\/v2\/product_tag?post=2433"}],"curies":[{"name":"wp","href":"https:\/\/api.w.org\/{rel}","templated":true}]}}