{"id":2445,"date":"2024-08-21T15:56:15","date_gmt":"2024-08-21T15:56:15","guid":{"rendered":"https:\/\/fundacaoronaldmcdonald.com\/shop\/?post_type=product&#038;p=2445"},"modified":"2025-12-04T09:19:03","modified_gmt":"2025-12-04T09:19:03","slug":"rita","status":"publish","type":"product","link":"https:\/\/fundacaoronaldmcdonald.com\/shop\/produto\/rita\/","title":{"rendered":"Rita Boneca de Pano \u2013 Artigo Solid\u00e1rio"},"content":{"rendered":"<ul>\n<li><strong>Interior:<\/strong>\u00a0Feito com fibra 100% poli\u00e9ster, garantindo durabilidade e suavidade<\/li>\n<li><strong>Tecido:<\/strong>\u00a0Confecionado com tecidos de algod\u00e3o reutilizados da ind\u00fastria de vestu\u00e1rio, promovendo a sustentabilidade e reduzindo o desperd\u00edcio.<\/li>\n<\/ul>\n","protected":false},"excerpt":{"rendered":"<p>Descubra a magia de ajudar e fazer a diferen\u00e7a com a <strong>Rita<\/strong> da <strong>Funda\u00e7\u00e3o Infantil Ronald McDonald<\/strong>!<\/p>\n<p>Cada detalhe da boneca<strong> Rita<\/strong> foi pensado com carinho para proporcionar alegria a quem comprar este artigo.<\/p>\n<p>Ao adquirir este presente solid\u00e1rio, est\u00e1 a contribuir diretamente para a nossa miss\u00e3o de cuidar e apoiar fam\u00edlias com crian\u00e7as e jovens doentes ou em tratamento hospitalar.<\/p>\n<p><strong>Uma compra solid\u00e1ria que ajuda iluminar a vida de muitas fam\u00edlias!<\/strong><\/p>\n<p>&nbsp;<\/p>\n","protected":false},"featured_media":2582,"comment_status":"closed","ping_status":"closed","template":"","meta":{"_acf_changed":false},"product_brand":[],"product_cat":[62],"product_tag":[],"class_list":{"0":"post-2445","1":"product","2":"type-product","3":"status-publish","4":"has-post-thumbnail","6":"product_cat-bonecos-pt","8":"first","9":"outofstock","10":"taxable","11":"shipping-taxable","12":"purchasable","13":"product-type-simple"},"acf":[],"_links":{"self":[{"href":"https:\/\/fundacaoronaldmcdonald.com\/shop\/wp-json\/wp\/v2\/product\/2445","targetHints":{"allow":["GET"]}}],"collection":[{"href":"https:\/\/fundacaoronaldmcdonald.com\/shop\/wp-json\/wp\/v2\/product"}],"about":[{"href":"https:\/\/fundacaoronaldmcdonald.com\/shop\/wp-json\/wp\/v2\/types\/product"}],"replies":[{"embeddable":true,"href":"https:\/\/fundacaoronaldmcdonald.com\/shop\/wp-json\/wp\/v2\/comments?post=2445"}],"wp:featuredmedia":[{"embeddable":true,"href":"https:\/\/fundacaoronaldmcdonald.com\/shop\/wp-json\/wp\/v2\/media\/2582"}],"wp:attachment":[{"href":"https:\/\/fundacaoronaldmcdonald.com\/shop\/wp-json\/wp\/v2\/media?parent=2445"}],"wp:term":[{"taxonomy":"product_brand","embeddable":true,"href":"https:\/\/fundacaoronaldmcdonald.com\/shop\/wp-json\/wp\/v2\/product_brand?post=2445"},{"taxonomy":"product_cat","embeddable":true,"href":"https:\/\/fundacaoronaldmcdonald.com\/shop\/wp-json\/wp\/v2\/product_cat?post=2445"},{"taxonomy":"product_tag","embeddable":true,"href":"https:\/\/fundacaoronaldmcdonald.com\/shop\/wp-json\/wp\/v2\/product_tag?post=2445"}],"curies":[{"name":"wp","href":"https:\/\/api.w.org\/{rel}","templated":true}]}}