{"id":2469,"date":"2024-08-21T16:11:42","date_gmt":"2024-08-21T16:11:42","guid":{"rendered":"https:\/\/fundacaoronaldmcdonald.com\/shop\/?post_type=product&#038;p=2469"},"modified":"2025-11-14T13:04:33","modified_gmt":"2025-11-14T13:04:33","slug":"pedro-vestido-de-natal","status":"publish","type":"product","link":"https:\/\/fundacaoronaldmcdonald.com\/shop\/produto\/pedro-vestido-de-natal\/","title":{"rendered":"Pedro vestido de Natal"},"content":{"rendered":"<p>Ao adquirir este artigo de Natal, est\u00e1 a contribuir diretamente para a nossa miss\u00e3o de oferecer um ambiente acolhedor e de apoio para fam\u00edlias com crian\u00e7as e jovens em doentes ou em tratamento hospitalar. O seu gesto solid\u00e1rio faz toda a diferen\u00e7a!<\/p>\n","protected":false},"excerpt":{"rendered":"<p>Celebre a magia do Natal com o <strong>Pedro vestido de Natal<\/strong> da Funda\u00e7\u00e3o Infantil Ronald McDonald! Cada detalhe foi pensado com carinho para proporcionar alegria durante esta \u00e9poca festiva.<\/p>\n<p><strong>Caracter\u00edsticas do Produto:<\/strong><\/p>\n<ul>\n<li><strong>Interior:<\/strong>\u00a0Feito com fibra 100% poli\u00e9ster, garantindo durabilidade e maciez.<\/li>\n<li><strong>Tecido:<\/strong>\u00a0Confeccionado com tecidos de algod\u00e3o reutilizados da ind\u00fastria de vestu\u00e1rio, promovendo a sustentabilidade e reduzindo o desperd\u00edcio.<\/li>\n<li><strong>Cabelo:<\/strong> Feito de l\u00e3 feltrada, proporcionando uma textura suave e natural.<\/li>\n<\/ul>\n","protected":false},"featured_media":2470,"comment_status":"closed","ping_status":"closed","template":"","meta":{"_acf_changed":false},"product_brand":[],"product_cat":[62,104],"product_tag":[],"class_list":{"0":"post-2469","1":"product","2":"type-product","3":"status-publish","4":"has-post-thumbnail","6":"product_cat-bonecos-pt","7":"product_cat-enfeites-de-natal","9":"first","10":"outofstock","11":"taxable","12":"shipping-taxable","13":"purchasable","14":"product-type-simple"},"acf":[],"_links":{"self":[{"href":"https:\/\/fundacaoronaldmcdonald.com\/shop\/wp-json\/wp\/v2\/product\/2469","targetHints":{"allow":["GET"]}}],"collection":[{"href":"https:\/\/fundacaoronaldmcdonald.com\/shop\/wp-json\/wp\/v2\/product"}],"about":[{"href":"https:\/\/fundacaoronaldmcdonald.com\/shop\/wp-json\/wp\/v2\/types\/product"}],"replies":[{"embeddable":true,"href":"https:\/\/fundacaoronaldmcdonald.com\/shop\/wp-json\/wp\/v2\/comments?post=2469"}],"wp:featuredmedia":[{"embeddable":true,"href":"https:\/\/fundacaoronaldmcdonald.com\/shop\/wp-json\/wp\/v2\/media\/2470"}],"wp:attachment":[{"href":"https:\/\/fundacaoronaldmcdonald.com\/shop\/wp-json\/wp\/v2\/media?parent=2469"}],"wp:term":[{"taxonomy":"product_brand","embeddable":true,"href":"https:\/\/fundacaoronaldmcdonald.com\/shop\/wp-json\/wp\/v2\/product_brand?post=2469"},{"taxonomy":"product_cat","embeddable":true,"href":"https:\/\/fundacaoronaldmcdonald.com\/shop\/wp-json\/wp\/v2\/product_cat?post=2469"},{"taxonomy":"product_tag","embeddable":true,"href":"https:\/\/fundacaoronaldmcdonald.com\/shop\/wp-json\/wp\/v2\/product_tag?post=2469"}],"curies":[{"name":"wp","href":"https:\/\/api.w.org\/{rel}","templated":true}]}}