{"id":3065,"date":"2025-07-14T11:54:31","date_gmt":"2025-07-14T11:54:31","guid":{"rendered":"https:\/\/fundacaoronaldmcdonald.com\/shop\/?post_type=product&#038;p=3065"},"modified":"2026-04-13T12:37:21","modified_gmt":"2026-04-13T12:37:21","slug":"tote-bag-fundacao-infatil-ronald-mcdonlad","status":"publish","type":"product","link":"https:\/\/fundacaoronaldmcdonald.com\/shop\/produto\/tote-bag-fundacao-infatil-ronald-mcdonlad\/","title":{"rendered":"Tote Bag Funda\u00e7\u00e3o Infantil Ronald McDonald"},"content":{"rendered":"<p>Saco 100% algod\u00e3o com apontamentos a vermelho e um bolso no interior. Al\u00e7as de 65 cent\u00edmetros.<\/p>\n","protected":false},"excerpt":{"rendered":"<p>Descubra a magia de ajudar e fazer a diferen\u00e7a com a<strong> Tote Bag<\/strong> da <strong>Funda\u00e7\u00e3o Infantil Ronald McDonald!<\/strong><\/p>\n<p>Pr\u00e1tica, bonita e cheia de significado \u2014 a tote bag foi pensada com carinho para acompanhar o seu dia a dia com prop\u00f3sito.<\/p>\n<p>Ao adquirir este artigo solid\u00e1rio, est\u00e1 a contribuir diretamente para a nossa miss\u00e3o de cuidar e apoiar fam\u00edlias com crian\u00e7as e jovens doentes ou em tratamento hospitalar.<\/p>\n<p><strong>Uma compra solid\u00e1ria que carrega esperan\u00e7a em cada gesto!<\/strong><\/p>\n","protected":false},"featured_media":3068,"comment_status":"closed","ping_status":"closed","template":"","meta":{"_acf_changed":false},"product_brand":[],"product_cat":[113],"product_tag":[],"class_list":{"0":"post-3065","1":"product","2":"type-product","3":"status-publish","4":"has-post-thumbnail","6":"product_cat-merchandising","8":"first","9":"instock","10":"taxable","11":"shipping-taxable","12":"purchasable","13":"product-type-simple"},"acf":[],"_links":{"self":[{"href":"https:\/\/fundacaoronaldmcdonald.com\/shop\/wp-json\/wp\/v2\/product\/3065","targetHints":{"allow":["GET"]}}],"collection":[{"href":"https:\/\/fundacaoronaldmcdonald.com\/shop\/wp-json\/wp\/v2\/product"}],"about":[{"href":"https:\/\/fundacaoronaldmcdonald.com\/shop\/wp-json\/wp\/v2\/types\/product"}],"replies":[{"embeddable":true,"href":"https:\/\/fundacaoronaldmcdonald.com\/shop\/wp-json\/wp\/v2\/comments?post=3065"}],"wp:featuredmedia":[{"embeddable":true,"href":"https:\/\/fundacaoronaldmcdonald.com\/shop\/wp-json\/wp\/v2\/media\/3068"}],"wp:attachment":[{"href":"https:\/\/fundacaoronaldmcdonald.com\/shop\/wp-json\/wp\/v2\/media?parent=3065"}],"wp:term":[{"taxonomy":"product_brand","embeddable":true,"href":"https:\/\/fundacaoronaldmcdonald.com\/shop\/wp-json\/wp\/v2\/product_brand?post=3065"},{"taxonomy":"product_cat","embeddable":true,"href":"https:\/\/fundacaoronaldmcdonald.com\/shop\/wp-json\/wp\/v2\/product_cat?post=3065"},{"taxonomy":"product_tag","embeddable":true,"href":"https:\/\/fundacaoronaldmcdonald.com\/shop\/wp-json\/wp\/v2\/product_tag?post=3065"}],"curies":[{"name":"wp","href":"https:\/\/api.w.org\/{rel}","templated":true}]}}