{"id":3077,"date":"2025-07-14T12:00:39","date_gmt":"2025-07-14T12:00:39","guid":{"rendered":"https:\/\/fundacaoronaldmcdonald.com\/shop\/?post_type=product&#038;p=3077"},"modified":"2026-04-13T12:36:54","modified_gmt":"2026-04-13T12:36:54","slug":"notebook-fundacao-infantil-ronald-mcdonald","status":"publish","type":"product","link":"https:\/\/fundacaoronaldmcdonald.com\/shop\/produto\/notebook-fundacao-infantil-ronald-mcdonald\/","title":{"rendered":"Caderno Funda\u00e7\u00e3o Infantil Ronald McDonald"},"content":{"rendered":"<p>Bloco A5 de argolas com 90 folhas<\/p>\n","protected":false},"excerpt":{"rendered":"<p>Descubra a magia de ajudar e fazer a diferen\u00e7a com o <strong>Caderno<\/strong> da <strong>Funda\u00e7\u00e3o Infantil Ronald McDonald!<\/strong><\/p>\n<p>Cada p\u00e1gina deste caderno foi pensada com carinho para inspirar ideias, sonhos e gestos de solidariedade.<\/p>\n<p>Ao adquirir este artigo solid\u00e1rio, est\u00e1 a contribuir diretamente para a nossa miss\u00e3o de cuidar e apoiar fam\u00edlias com crian\u00e7as e jovens doentes ou em tratamento hospitalar.<\/p>\n<p><strong>Uma compra solid\u00e1ria que escreve hist\u00f3rias de esperan\u00e7a!<\/strong><\/p>\n","protected":false},"featured_media":3078,"comment_status":"closed","ping_status":"closed","template":"","meta":{"_acf_changed":false},"product_brand":[],"product_cat":[113],"product_tag":[],"class_list":{"0":"post-3077","1":"product","2":"type-product","3":"status-publish","4":"has-post-thumbnail","6":"product_cat-merchandising","8":"first","9":"instock","10":"taxable","11":"shipping-taxable","12":"purchasable","13":"product-type-simple"},"acf":[],"_links":{"self":[{"href":"https:\/\/fundacaoronaldmcdonald.com\/shop\/wp-json\/wp\/v2\/product\/3077","targetHints":{"allow":["GET"]}}],"collection":[{"href":"https:\/\/fundacaoronaldmcdonald.com\/shop\/wp-json\/wp\/v2\/product"}],"about":[{"href":"https:\/\/fundacaoronaldmcdonald.com\/shop\/wp-json\/wp\/v2\/types\/product"}],"replies":[{"embeddable":true,"href":"https:\/\/fundacaoronaldmcdonald.com\/shop\/wp-json\/wp\/v2\/comments?post=3077"}],"wp:featuredmedia":[{"embeddable":true,"href":"https:\/\/fundacaoronaldmcdonald.com\/shop\/wp-json\/wp\/v2\/media\/3078"}],"wp:attachment":[{"href":"https:\/\/fundacaoronaldmcdonald.com\/shop\/wp-json\/wp\/v2\/media?parent=3077"}],"wp:term":[{"taxonomy":"product_brand","embeddable":true,"href":"https:\/\/fundacaoronaldmcdonald.com\/shop\/wp-json\/wp\/v2\/product_brand?post=3077"},{"taxonomy":"product_cat","embeddable":true,"href":"https:\/\/fundacaoronaldmcdonald.com\/shop\/wp-json\/wp\/v2\/product_cat?post=3077"},{"taxonomy":"product_tag","embeddable":true,"href":"https:\/\/fundacaoronaldmcdonald.com\/shop\/wp-json\/wp\/v2\/product_tag?post=3077"}],"curies":[{"name":"wp","href":"https:\/\/api.w.org\/{rel}","templated":true}]}}